{"id":438,"date":"2017-01-28T16:07:20","date_gmt":"2017-01-28T16:07:20","guid":{"rendered":"http:\/\/agrupamentoslourenco.org\/wp\/?page_id=438"},"modified":"2017-01-28T16:12:56","modified_gmt":"2017-01-28T16:12:56","slug":"atividades","status":"publish","type":"page","link":"https:\/\/agrupamentoslourenco.org\/wp\/atividades\/","title":{"rendered":"Atividades"},"content":{"rendered":"<p><em>ADMIN<\/em><\/p>\n<p><em>P\u00e1gina vazia para usar em \u00e1rvore de menu (n\u00e3o vis\u00edvel &#8211; <span style=\"color: #ff0000;\">N\u00c3O USAR<\/span>)<\/em><\/p>\n","protected":false},"excerpt":{"rendered":"<p>ADMIN P\u00e1gina vazia para usar em \u00e1rvore de menu (n\u00e3o vis\u00edvel &#8211; N\u00c3O USAR)<\/p>\n","protected":false},"author":1,"featured_media":0,"parent":0,"menu_order":0,"comment_status":"closed","ping_status":"closed","template":"","meta":{"footnotes":""},"_links":{"self":[{"href":"https:\/\/agrupamentoslourenco.org\/wp\/wp-json\/wp\/v2\/pages\/438"}],"collection":[{"href":"https:\/\/agrupamentoslourenco.org\/wp\/wp-json\/wp\/v2\/pages"}],"about":[{"href":"https:\/\/agrupamentoslourenco.org\/wp\/wp-json\/wp\/v2\/types\/page"}],"author":[{"embeddable":true,"href":"https:\/\/agrupamentoslourenco.org\/wp\/wp-json\/wp\/v2\/users\/1"}],"replies":[{"embeddable":true,"href":"https:\/\/agrupamentoslourenco.org\/wp\/wp-json\/wp\/v2\/comments?post=438"}],"version-history":[{"count":2,"href":"https:\/\/agrupamentoslourenco.org\/wp\/wp-json\/wp\/v2\/pages\/438\/revisions"}],"predecessor-version":[{"id":443,"href":"https:\/\/agrupamentoslourenco.org\/wp\/wp-json\/wp\/v2\/pages\/438\/revisions\/443"}],"wp:attachment":[{"href":"https:\/\/agrupamentoslourenco.org\/wp\/wp-json\/wp\/v2\/media?parent=438"}],"curies":[{"name":"wp","href":"https:\/\/api.w.org\/{rel}","templated":true}]}}